{"id":1129,"date":"2025-03-19T14:47:01","date_gmt":"2025-03-19T14:47:01","guid":{"rendered":"https:\/\/xproarts.com\/?page_id=1129"},"modified":"2025-03-19T15:07:04","modified_gmt":"2025-03-19T15:07:04","slug":"dryades-oreiades","status":"publish","type":"page","link":"https:\/\/xproarts.com\/index.php\/dryades-oreiades\/","title":{"rendered":"DRYADES &#038; OREIADES"},"content":{"rendered":"<p>[vc_row][vc_column][vc_column_text]<\/p>\n<h1>DRYADES &amp; OREIADES<\/h1>\n<p>[\/vc_column_text][vc_single_image image=&#8221;1131&#8243; img_size=&#8221;1600X1080&#8243; alignment=&#8221;center&#8221;][\/vc_column][\/vc_row][vc_row css=&#8221;.vc_custom_1622027745543{padding-bottom: 50px !important;}&#8221;][vc_column offset=&#8221;vc_col-lg-12&#8243;][vc_column_text]DRYADES &amp; OREIADES (project research)<\/p>\n<p>Sudesh Adhana, Anna Widen, Jon Balke, Ole Marius Stole, Cecilie Steen &amp; Martine Bentsen.<\/p>\n<p>&#8220;DRYADES &amp; OREIADES &#8211; Er en s\u00f8kelse i overgangen fra antroposentrisk til posthuman tiln\u00e6rming i h\u00e5p at effekten vil spre seg i andre aspekter av v\u00e5rt forbrukerliv. I denne forestillingen har dansere sine kropper blitt re-designet med pileskulpturer for \u00e5 gi dem en ny hybrid kroppsidentitet. Hovedideen er &#8220;hvordan kan disse hybridvesenene sameksistere med andre arter (dyr og fugler) p\u00e5 like vilk\u00e5r? I motsetning til noen mennesker som anser seg selv som eiere av land og alt liv!\u201d<\/p>\n<p>DRYADES &amp; OREIADES &#8211; Is a search in the transition from an anthropocentric to a posthuman approach in the hope that the effect will spread in other aspects of our consumer life. In this performance, dancers&#8217; bodies have been re-designed with wooden sculptures to give them a new hybrid body identity. The main idea is &#8220;how can these hybrid beings coexist with other species (animals and birds) on equal terms? Unlike some people who consider themselves the owners of land and all life!\u201d<\/p>\n<p>Sculptors on dancers by : Anna widen<\/p>\n<p>Sound \/Music instruments sculptors : Jon Balke<\/p>\n<p>Note: extra sounds have been added in the documentation under the real sounds form the sites just for the listeners comfort, by the editor Antero Hein.<\/p>\n<p>Dancers : Ole Marius Stole , Ceceilie Lindman steen, Martine Bentsen, Sudesh Adhana.<\/p>\n<p>Videos taken by: Ole Marius Stole, Sudesh Adhana, Jon Balke and at Seanse Showing by Kristian Glomnes.<\/p>\n<p>Pictures taken by : Anna widen, few by Ole Marius and at Seanse showing by Kristian Glomnes.<\/p>\n<p>Editing for both pictures and videos By : Antero Hein.<\/p>\n<p>Residencies : Seanse, centre for creative arts, Volda, Norway &amp; Madstun ,Framework for creative processes, Fall Norway.<\/p>\n<p>other places we have work with: Goats,\u00d8yenstikker at their residency forest in Egner. Norway. Sheep\u2019s and other unseen creatures In Steinstolen, Volda, Horses, chickens, Cirkets, bees and humel bees, forest sprits at L\u00f8vstuhagen, Kj\u00f8lvegen 223, 2750 Brandbu.<\/p>\n<p>Support : Seanse &amp; Kulturdirektoratet<\/p>\n<p>production : xproarts[\/vc_column_text][\/vc_column][\/vc_row][vc_row][vc_column][vc_video link=&#8221;https:\/\/vimeo.com\/858776009&#8243; align=&#8221;center&#8221;][\/vc_column][\/vc_row]<\/p>\n","protected":false},"excerpt":{"rendered":"<p>[vc_row][vc_column][vc_column_text] DRYADES &amp; OREIADES [\/vc_column_text][vc_single_image image=&#8221;1131&#8243; img_size=&#8221;1600X1080&#8243; alignment=&#8221;center&#8221;][\/vc_column][\/vc_row][vc_row css=&#8221;.vc_custom_1622027745543{padding-bottom: 50px !important;}&#8221;][vc_column &#8230; <\/p>\n","protected":false},"author":2,"featured_media":0,"parent":0,"menu_order":0,"comment_status":"closed","ping_status":"closed","template":"","meta":[],"_links":{"self":[{"href":"https:\/\/xproarts.com\/index.php\/wp-json\/wp\/v2\/pages\/1129"}],"collection":[{"href":"https:\/\/xproarts.com\/index.php\/wp-json\/wp\/v2\/pages"}],"about":[{"href":"https:\/\/xproarts.com\/index.php\/wp-json\/wp\/v2\/types\/page"}],"author":[{"embeddable":true,"href":"https:\/\/xproarts.com\/index.php\/wp-json\/wp\/v2\/users\/2"}],"replies":[{"embeddable":true,"href":"https:\/\/xproarts.com\/index.php\/wp-json\/wp\/v2\/comments?post=1129"}],"version-history":[{"count":2,"href":"https:\/\/xproarts.com\/index.php\/wp-json\/wp\/v2\/pages\/1129\/revisions"}],"predecessor-version":[{"id":1132,"href":"https:\/\/xproarts.com\/index.php\/wp-json\/wp\/v2\/pages\/1129\/revisions\/1132"}],"wp:attachment":[{"href":"https:\/\/xproarts.com\/index.php\/wp-json\/wp\/v2\/media?parent=1129"}],"curies":[{"name":"wp","href":"https:\/\/api.w.org\/{rel}","templated":true}]}}